{"id":23,"date":"2025-07-31T00:00:02","date_gmt":"2025-07-31T00:00:02","guid":{"rendered":"https:\/\/www.angiemiranda.com\/?page_id=23"},"modified":"2026-04-01T03:56:52","modified_gmt":"2026-04-01T03:56:52","slug":"acerca","status":"publish","type":"page","link":"https:\/\/www.angiemiranda.com\/es\/acerca\/","title":{"rendered":"Acerca"},"content":{"rendered":"\n<div class=\"wp-block-group alignfull has-background-background-color has-background has-global-padding is-layout-constrained wp-container-core-group-is-layout-fb85e995 wp-block-group-is-layout-constrained\" style=\"margin-top:0;margin-bottom:0;padding-top:var(--wp--preset--spacing--60);padding-right:var(--wp--preset--spacing--30);padding-bottom:var(--wp--preset--spacing--60);padding-left:var(--wp--preset--spacing--30)\">\n<h2 class=\"wp-block-heading has-text-align-center has-large-font-size\">Acerca de Angie Miranda <\/h2>\n\n\n\n<p class=\"has-text-align-center\" style=\"margin-top:16px\">Soy un ingeniero de software mexicano, l\u00edder tecnol\u00f3gico y desarrollador especializado principalmente en tecnolog\u00edas Sitecore y .NET. Empec\u00e9 a programar desde muy joven. Obtuve un MBA para L\u00edderes Tecnol\u00f3gicos de CTO Academy. Organizo eventos tecnol\u00f3gicos presenciales en Monterrey, M\u00e9xico.<\/p>\n\n\n\n<p class=\"has-text-align-center\" style=\"margin-top:16px\">Principales \u00e1reas de especializaci\u00f3n: Sitecore, .NET, C#, ASP.NET, Javascript frameworks, Web APIs and services, MS SQL, DevOps.<\/p>\n\n\n\n<figure class=\"wp-block-gallery aligncenter has-nested-images columns-default is-cropped wp-block-gallery-1 is-layout-flex wp-block-gallery-is-layout-flex\">\n<figure class=\"wp-block-image size-large is-style-default\"><img loading=\"lazy\" decoding=\"async\" width=\"1024\" height=\"683\" data-id=\"21\" src=\"https:\/\/www.angiemiranda.com\/wp-content\/uploads\/2025\/07\/code1-1024x683.jpg\" alt=\"code\" class=\"wp-image-21\" style=\"aspect-ratio:16\/9;object-fit:cover\" srcset=\"https:\/\/www.angiemiranda.com\/wp-content\/uploads\/2025\/07\/code1-1024x683.jpg 1024w, https:\/\/www.angiemiranda.com\/wp-content\/uploads\/2025\/07\/code1-300x200.jpg 300w, https:\/\/www.angiemiranda.com\/wp-content\/uploads\/2025\/07\/code1-768x512.jpg 768w, https:\/\/www.angiemiranda.com\/wp-content\/uploads\/2025\/07\/code1-1536x1024.jpg 1536w, https:\/\/www.angiemiranda.com\/wp-content\/uploads\/2025\/07\/code1-2048x1366.jpg 2048w\" sizes=\"auto, (max-width: 1024px) 100vw, 1024px\" \/><\/figure>\n<\/figure>\n<\/div>\n\n\n\n<div class=\"wp-block-group alignfull has-tertiary-background-color has-background has-global-padding is-layout-constrained wp-container-core-group-is-layout-7276a2bb wp-block-group-is-layout-constrained\" style=\"margin-top:0;margin-bottom:0;padding-top:var(--wp--preset--spacing--60);padding-right:var(--wp--preset--spacing--30);padding-bottom:var(--wp--preset--spacing--60);padding-left:var(--wp--preset--spacing--30)\">\n<div class=\"wp-block-columns alignwide is-layout-flex wp-container-core-columns-is-layout-47c06fe3 wp-block-columns-is-layout-flex\">\n<div class=\"wp-block-column is-layout-flow wp-block-column-is-layout-flow\" style=\"flex-basis:33.33%\">\n<h2 class=\"wp-block-heading has-large-font-size\">Resumen<\/h2>\n\n\n\n<p class=\"has-small-font-size\" style=\"margin-top:16px\">Desarrolladora de .NET<br>Desarrolladora de Sitecore<br>L\u00edder de tecnolog\u00eda<br>Contratista independiente<br>Ingeniera en Sistemas Computaciones<br>MBA para L\u00edderes Tecnol\u00f3gicos<br>Empec\u00e9 a programar a temprana edad<\/p>\n<\/div>\n\n\n\n<div class=\"wp-block-column is-layout-flow wp-container-core-column-is-layout-f5bb311e wp-block-column-is-layout-flow\" style=\"flex-basis:66.66%\">\n<div class=\"wp-block-columns alignwide is-layout-flex wp-container-core-columns-is-layout-28f84493 wp-block-columns-is-layout-flex\">\n<div class=\"wp-block-column is-layout-flow wp-block-column-is-layout-flow\"><\/div>\n\n\n\n<div class=\"wp-block-column is-layout-flow wp-block-column-is-layout-flow\"><\/div>\n<\/div>\n\n\n\n<div class=\"wp-block-columns alignwide is-layout-flex wp-container-core-columns-is-layout-28f84493 wp-block-columns-is-layout-flex\">\n<div class=\"wp-block-column is-layout-flow wp-block-column-is-layout-flow\"><\/div>\n\n\n\n<div class=\"wp-block-column is-layout-flow wp-block-column-is-layout-flow\"><\/div>\n<\/div>\n<\/div>\n<\/div>\n<\/div>\n","protected":false},"excerpt":{"rendered":"<p>Acerca de Angie Miranda Soy un ingeniero de software mexicano, l\u00edder tecnol\u00f3gico y desarrollador especializado principalmente en tecnolog\u00edas Sitecore y .NET. Empec\u00e9 a programar desde muy joven. Obtuve un MBA para L\u00edderes Tecnol\u00f3gicos de CTO Academy. Organizo eventos tecnol\u00f3gicos presenciales en Monterrey, M\u00e9xico. Principales \u00e1reas de especializaci\u00f3n: Sitecore, .NET, C#, ASP.NET, Javascript frameworks, Web APIs [&hellip;]<\/p>\n","protected":false},"author":1,"featured_media":0,"parent":0,"menu_order":0,"comment_status":"closed","ping_status":"closed","template":"","meta":{"footnotes":""},"class_list":["post-23","page","type-page","status-publish","hentry"],"_links":{"self":[{"href":"https:\/\/www.angiemiranda.com\/es\/wp-json\/wp\/v2\/pages\/23","targetHints":{"allow":["GET"]}}],"collection":[{"href":"https:\/\/www.angiemiranda.com\/es\/wp-json\/wp\/v2\/pages"}],"about":[{"href":"https:\/\/www.angiemiranda.com\/es\/wp-json\/wp\/v2\/types\/page"}],"author":[{"embeddable":true,"href":"https:\/\/www.angiemiranda.com\/es\/wp-json\/wp\/v2\/users\/1"}],"replies":[{"embeddable":true,"href":"https:\/\/www.angiemiranda.com\/es\/wp-json\/wp\/v2\/comments?post=23"}],"version-history":[{"count":5,"href":"https:\/\/www.angiemiranda.com\/es\/wp-json\/wp\/v2\/pages\/23\/revisions"}],"predecessor-version":[{"id":145,"href":"https:\/\/www.angiemiranda.com\/es\/wp-json\/wp\/v2\/pages\/23\/revisions\/145"}],"wp:attachment":[{"href":"https:\/\/www.angiemiranda.com\/es\/wp-json\/wp\/v2\/media?parent=23"}],"curies":[{"name":"wp","href":"https:\/\/api.w.org\/{rel}","templated":true}]}}